{"id":6587,"date":"2023-03-08T19:32:34","date_gmt":"2023-03-08T19:32:34","guid":{"rendered":"https:\/\/www.fafard.ca\/?page_id=6587"},"modified":"2026-02-17T21:52:45","modified_gmt":"2026-02-17T21:52:45","slug":"reglements-concours-medias-sociaux","status":"publish","type":"page","link":"https:\/\/www.fafard.ca\/fr\/reglements-concours-medias-sociaux\/","title":{"rendered":"R\u00e8glements &#8211; CONCOURS M\u00c9DIAS SOCIAUX"},"content":{"rendered":"<p><img loading=\"lazy\" decoding=\"async\" class=\"aligncenter wp-image-6627 size-full\" src=\"https:\/\/www.fafard.ca\/wp-content\/uploads\/2026\/02\/visuel-concours-fafard-2026.jpg\" alt=\"\" width=\"1920\" height=\"640\" \/><\/p>\n<p>Les concours de Fafard se d\u00e9roulent sur Facebook, Instagram et Tiktok \u00e0 l\u2019occasion dans l\u2019ann\u00e9e. Tous les participants acceptent de se soumettre aux conditions et r\u00e8glements des diff\u00e9rents concours.<\/p>\n<p><strong>ADMISSIBILIT\u00c9<\/strong><\/p>\n<p><strong>1.<\/strong> Ce concours s\u2019adresse aux clients de Fafard, r\u00e9sidant au Qu\u00e9bec ou en Ontario, \u00e2g\u00e9s de 18 ans et plus. Les gagnants doivent consentir \u00e0 ce que leur nom et leur photo soient possiblement utilis\u00e9s par Fafard \u00e0 des fins publicitaires, et ce, sans r\u00e9mun\u00e9ration.<\/p>\n<p><strong>COMMENT PARTICIPER<\/strong><\/p>\n<p><strong>2.<\/strong> <span style=\"font-weight: 400;\">Les participants doivent obligatoirement poss\u00e9der un compte Facebook, Instagram ou Tiktok. La participation se fait par Internet :\u00a0<\/span><\/p>\n<p><span style=\"color: #008000;\"><strong><a style=\"color: #008000;\" href=\"https:\/\/www.facebook.com\/fafardcanada\">www.facebook.com\/fafardcanada\u00a0<\/a><\/strong><\/span><\/p>\n<p><span style=\"color: #008000;\"><strong><a style=\"color: #008000;\" href=\"http:\/\/www.instagram.com\/fafardcanada\">www.instagram.com\/fafardcanada<\/a><\/strong><\/span><\/p>\n<p><span style=\"color: #008000;\"><strong><a style=\"color: #008000;\" href=\"http:\/\/www.tiktok.com\/@fafardcanada\" target=\"_blank\" rel=\"noopener\">www.tiktok.com\/@fafardcanada<\/a><\/strong><\/span><\/p>\n<p>Selon la plateforme, pour participer vous devez :<\/p>\n<ul>\n<li style=\"font-weight: 400;\" aria-level=\"1\">Avoir un compte Facebook, Instagram ou Tiktok<\/li>\n<li style=\"font-weight: 400;\" aria-level=\"1\">Voir la publication du concours<\/li>\n<li style=\"font-weight: 400;\" aria-level=\"1\">Aimer la publication du concours<\/li>\n<li style=\"font-weight: 400;\" aria-level=\"1\">Commenter la publication en r\u00e9pondant \u00e0 la question.<\/li>\n<li style=\"font-weight: 400;\" aria-level=\"1\">Identifier des amis qui aimeraient aussi participer<\/li>\n<\/ul>\n<p>&nbsp;<\/p>\n<p><strong>LES TIRAGES<\/strong><\/p>\n<p><strong>3.<\/strong> Les tirages seront g\u00e9n\u00e9ralement effectu\u00e9s \u00e0 la journ\u00e9e du tirage sp\u00e9cifi\u00e9e dans la publication. La dur\u00e9e des concours peuvent varier d\u2019un \u00e0 l\u2019autre. Un gagnant est alors d\u00e9termin\u00e9 au hasard parmi l\u2019ensemble des participants selon les conditions de participation \u00e9num\u00e9r\u00e9es dans les dites publications. Les chances de gagner sont tributaires du nombre total de participations.<\/p>\n<p><span style=\"font-weight: 400;\">Un repr\u00e9sentant de Fafard communiquera avec les gagnants au cours des quarante-huit (48) heures suivant le tirage. Le gagnant aura alors 5 jours ouvrables pour r\u00e9pondre.<\/span><\/p>\n<p><span style=\"font-weight: 400;\">Si le repr\u00e9sentant ne re\u00e7oit aucune r\u00e9ponse du gagnant apr\u00e8s 5 jours, il fera alors une relance, lui octroyant ainsi 2 jours suppl\u00e9mentaires pour r\u00e9pondre. Si apr\u00e8s cette relance, le repr\u00e9sentant de Fafard n\u2019a toujours pas de retour du gagnant, il pourra enfin proc\u00e9der \u00e0 un autre tirage.<\/span><\/p>\n<p><span style=\"font-weight: 400;\">La personne gagnante sera contact\u00e9e en commentaire sous la publication du concours par un repr\u00e9sentant de Fafard. La marche \u00e0 suivre afin de r\u00e9clamer son prix sera alors indiqu\u00e9e. Le repr\u00e9sentant effectuera ensuite la livraison du prix au gagnant dans un d\u00e9lai de 10 jours ouvrables.<\/span><\/p>\n<p><strong>PRIX \u00c0 GAGNER<\/strong><\/p>\n<p><strong>4.<\/strong> Chaque concours est une opportunit\u00e9 pour les participants de gagner un ensemble d\u2019essentiels pour le jardinage d\u2019une valeur de 100\u202f$.<\/p>\n<p><strong>5.<\/strong> Les chances d\u2019\u00eatre finaliste au concours d\u00e9pendent du nombre de participants \u00e9ligibles durant la dur\u00e9e du concours.<\/p>\n<p><strong>6.<\/strong> Si pour une raison hors du contr\u00f4le des organisateurs du concours, un prix ne pouvait \u00eatre attribu\u00e9 tel que d\u00e9crit au pr\u00e9sent r\u00e8glement, un prix de nature similaire et de valeur \u00e9gale ou sup\u00e9rieure serait attribu\u00e9 par les organisateurs du concours.<\/p>\n<p><strong>7.<\/strong> La personne gagnante d\u00e9gage de toute responsabilit\u00e9 Fafard, leur agence de publicit\u00e9 et de promotion, leurs employ\u00e9s, leurs agents et leurs repr\u00e9sentants pour tout accident de quelque nature que ce soit qu\u2019elle pourrait subir \u00e0 la suite de l\u2019acceptation et \u00e0 l\u2019utilisation de son prix.<\/p>\n<p><strong>8.<\/strong> En participant \u00e0 ce concours, chaque personne finaliste autorise les organisateurs et leurs repr\u00e9sentants \u00e0 utiliser, si requis, leur nom, photographie, image, voix et\/ou d\u00e9claration relative \u00e0 leur prix \u00e0 des fins publicitaires ou m\u00e9diatiques et ce, sans aucune forme de r\u00e9mun\u00e9ration.<\/p>\n<p><strong>9.<\/strong> La personne dont le nom appara\u00eet sur la fiche client est la personne participante aux fins du pr\u00e9sent concours pour le prix offert.<\/p>\n<p><strong>10.<\/strong> Cette promotion n\u2019est ni g\u00e9r\u00e9e ni parrain\u00e9e par Facebook, Instagram ou Tiktok. Les informations partag\u00e9es seront fournies \u00e0 Fafard et non \u00e0 Facebook, \u00e0 Instagram et Tiktok.<\/p>\n<p>Ce concours est assujetti aux lois du Qu\u00e9bec et de l\u2019Ontario.<\/p>\n<p>&nbsp;<\/p>\n<p>&nbsp;<\/p>\n","protected":false},"excerpt":{"rendered":"Les concours de Fafard se d\u00e9roulent sur Facebook, Instagram et Tiktok \u00e0 l\u2019occasion dans l\u2019ann\u00e9e. Tous les participants acceptent de se soumettre aux conditions et r\u00e8glements des diff\u00e9rents concours. ADMISSIBILIT\u00c9 1. Ce concours s\u2019adresse aux clients de Fafard, r\u00e9sidant au Qu\u00e9bec ou en Ontario, \u00e2g\u00e9s de 18 ans et plus. Les gagnants doivent consentir \u00e0&#8230;","protected":false},"author":7,"featured_media":0,"parent":0,"menu_order":0,"comment_status":"closed","ping_status":"closed","template":"","meta":{"_acf_changed":false,"footnotes":""},"class_list":["post-6587","page","type-page","status-publish","hentry"],"acf":[],"yoast_head":"<!-- This site is optimized with the Yoast SEO plugin v26.7 - https:\/\/yoast.com\/wordpress\/plugins\/seo\/ -->\n<title>R\u00e8glements - CONCOURS M\u00c9DIAS SOCIAUX - Scotts Fafard<\/title>\n<meta name=\"robots\" content=\"index, follow, max-snippet:-1, max-image-preview:large, max-video-preview:-1\" \/>\n<link rel=\"canonical\" href=\"https:\/\/www.fafard.ca\/fr\/reglements-concours-medias-sociaux\/\" \/>\n<meta property=\"og:locale\" content=\"fr_CA\" \/>\n<meta property=\"og:type\" content=\"article\" \/>\n<meta property=\"og:title\" content=\"R\u00e8glements - CONCOURS M\u00c9DIAS SOCIAUX - Scotts Fafard\" \/>\n<meta property=\"og:description\" content=\"Les concours de Fafard se d\u00e9roulent sur Facebook, Instagram et Tiktok \u00e0 l\u2019occasion dans l\u2019ann\u00e9e. Tous les participants acceptent de se soumettre aux conditions et r\u00e8glements des diff\u00e9rents concours. ADMISSIBILIT\u00c9 1. Ce concours s\u2019adresse aux clients de Fafard, r\u00e9sidant au Qu\u00e9bec ou en Ontario, \u00e2g\u00e9s de 18 ans et plus. Les gagnants doivent consentir \u00e0...\" \/>\n<meta property=\"og:url\" content=\"https:\/\/www.fafard.ca\/fr\/reglements-concours-medias-sociaux\/\" \/>\n<meta property=\"og:site_name\" content=\"Scotts Fafard\" \/>\n<meta property=\"article:modified_time\" content=\"2026-02-17T21:52:45+00:00\" \/>\n<meta property=\"og:image\" content=\"https:\/\/www.fafard.ca\/wp-content\/uploads\/2023\/03\/visuel-concours-fafard-en.jpg\" \/>\n\t<meta property=\"og:image:width\" content=\"1920\" \/>\n\t<meta property=\"og:image:height\" content=\"640\" \/>\n\t<meta property=\"og:image:type\" content=\"image\/jpeg\" \/>\n<meta name=\"twitter:card\" content=\"summary_large_image\" \/>\n<meta name=\"twitter:label1\" content=\"Estimation du temps de lecture\" \/>\n\t<meta name=\"twitter:data1\" content=\"3 minutes\" \/>\n<script type=\"application\/ld+json\" class=\"yoast-schema-graph\">{\"@context\":\"https:\/\/schema.org\",\"@graph\":[{\"@type\":\"WebPage\",\"@id\":\"https:\/\/www.fafard.ca\/fr\/reglements-concours-medias-sociaux\/\",\"url\":\"https:\/\/www.fafard.ca\/fr\/reglements-concours-medias-sociaux\/\",\"name\":\"R\u00e8glements - CONCOURS M\u00c9DIAS SOCIAUX - Scotts Fafard\",\"isPartOf\":{\"@id\":\"https:\/\/www.fafard.ca\/#website\"},\"primaryImageOfPage\":{\"@id\":\"https:\/\/www.fafard.ca\/fr\/reglements-concours-medias-sociaux\/#primaryimage\"},\"image\":{\"@id\":\"https:\/\/www.fafard.ca\/fr\/reglements-concours-medias-sociaux\/#primaryimage\"},\"thumbnailUrl\":\"https:\/\/www.fafard.ca\/wp-content\/uploads\/2026\/02\/visuel-concours-fafard-2026.jpg\",\"datePublished\":\"2023-03-08T19:32:34+00:00\",\"dateModified\":\"2026-02-17T21:52:45+00:00\",\"breadcrumb\":{\"@id\":\"https:\/\/www.fafard.ca\/fr\/reglements-concours-medias-sociaux\/#breadcrumb\"},\"inLanguage\":\"fr-CA\",\"potentialAction\":[{\"@type\":\"ReadAction\",\"target\":[\"https:\/\/www.fafard.ca\/fr\/reglements-concours-medias-sociaux\/\"]}]},{\"@type\":\"ImageObject\",\"inLanguage\":\"fr-CA\",\"@id\":\"https:\/\/www.fafard.ca\/fr\/reglements-concours-medias-sociaux\/#primaryimage\",\"url\":\"https:\/\/www.fafard.ca\/wp-content\/uploads\/2026\/02\/visuel-concours-fafard-2026.jpg\",\"contentUrl\":\"https:\/\/www.fafard.ca\/wp-content\/uploads\/2026\/02\/visuel-concours-fafard-2026.jpg\"},{\"@type\":\"BreadcrumbList\",\"@id\":\"https:\/\/www.fafard.ca\/fr\/reglements-concours-medias-sociaux\/#breadcrumb\",\"itemListElement\":[{\"@type\":\"ListItem\",\"position\":1,\"name\":\"Home\",\"item\":\"https:\/\/www.fafard.ca\/fr\/\"},{\"@type\":\"ListItem\",\"position\":2,\"name\":\"R\u00e8glements &#8211; CONCOURS M\u00c9DIAS SOCIAUX\"}]},{\"@type\":\"WebSite\",\"@id\":\"https:\/\/www.fafard.ca\/#website\",\"url\":\"https:\/\/www.fafard.ca\/\",\"name\":\"Scotts Fafard\",\"description\":\"Since 1940, the Fafard brand has risen to hold an enviable position in the horticulture industry.\",\"potentialAction\":[{\"@type\":\"SearchAction\",\"target\":{\"@type\":\"EntryPoint\",\"urlTemplate\":\"https:\/\/www.fafard.ca\/?s={search_term_string}\"},\"query-input\":{\"@type\":\"PropertyValueSpecification\",\"valueRequired\":true,\"valueName\":\"search_term_string\"}}],\"inLanguage\":\"fr-CA\"}]}<\/script>\n<!-- \/ Yoast SEO plugin. -->","yoast_head_json":{"title":"R\u00e8glements - CONCOURS M\u00c9DIAS SOCIAUX - Scotts Fafard","robots":{"index":"index","follow":"follow","max-snippet":"max-snippet:-1","max-image-preview":"max-image-preview:large","max-video-preview":"max-video-preview:-1"},"canonical":"https:\/\/www.fafard.ca\/fr\/reglements-concours-medias-sociaux\/","og_locale":"fr_CA","og_type":"article","og_title":"R\u00e8glements - CONCOURS M\u00c9DIAS SOCIAUX - Scotts Fafard","og_description":"Les concours de Fafard se d\u00e9roulent sur Facebook, Instagram et Tiktok \u00e0 l\u2019occasion dans l\u2019ann\u00e9e. Tous les participants acceptent de se soumettre aux conditions et r\u00e8glements des diff\u00e9rents concours. ADMISSIBILIT\u00c9 1. Ce concours s\u2019adresse aux clients de Fafard, r\u00e9sidant au Qu\u00e9bec ou en Ontario, \u00e2g\u00e9s de 18 ans et plus. Les gagnants doivent consentir \u00e0...","og_url":"https:\/\/www.fafard.ca\/fr\/reglements-concours-medias-sociaux\/","og_site_name":"Scotts Fafard","article_modified_time":"2026-02-17T21:52:45+00:00","og_image":[{"width":1920,"height":640,"url":"https:\/\/www.fafard.ca\/wp-content\/uploads\/2023\/03\/visuel-concours-fafard-en.jpg","type":"image\/jpeg"}],"twitter_card":"summary_large_image","twitter_misc":{"Estimation du temps de lecture":"3 minutes"},"schema":{"@context":"https:\/\/schema.org","@graph":[{"@type":"WebPage","@id":"https:\/\/www.fafard.ca\/fr\/reglements-concours-medias-sociaux\/","url":"https:\/\/www.fafard.ca\/fr\/reglements-concours-medias-sociaux\/","name":"R\u00e8glements - CONCOURS M\u00c9DIAS SOCIAUX - Scotts Fafard","isPartOf":{"@id":"https:\/\/www.fafard.ca\/#website"},"primaryImageOfPage":{"@id":"https:\/\/www.fafard.ca\/fr\/reglements-concours-medias-sociaux\/#primaryimage"},"image":{"@id":"https:\/\/www.fafard.ca\/fr\/reglements-concours-medias-sociaux\/#primaryimage"},"thumbnailUrl":"https:\/\/www.fafard.ca\/wp-content\/uploads\/2026\/02\/visuel-concours-fafard-2026.jpg","datePublished":"2023-03-08T19:32:34+00:00","dateModified":"2026-02-17T21:52:45+00:00","breadcrumb":{"@id":"https:\/\/www.fafard.ca\/fr\/reglements-concours-medias-sociaux\/#breadcrumb"},"inLanguage":"fr-CA","potentialAction":[{"@type":"ReadAction","target":["https:\/\/www.fafard.ca\/fr\/reglements-concours-medias-sociaux\/"]}]},{"@type":"ImageObject","inLanguage":"fr-CA","@id":"https:\/\/www.fafard.ca\/fr\/reglements-concours-medias-sociaux\/#primaryimage","url":"https:\/\/www.fafard.ca\/wp-content\/uploads\/2026\/02\/visuel-concours-fafard-2026.jpg","contentUrl":"https:\/\/www.fafard.ca\/wp-content\/uploads\/2026\/02\/visuel-concours-fafard-2026.jpg"},{"@type":"BreadcrumbList","@id":"https:\/\/www.fafard.ca\/fr\/reglements-concours-medias-sociaux\/#breadcrumb","itemListElement":[{"@type":"ListItem","position":1,"name":"Home","item":"https:\/\/www.fafard.ca\/fr\/"},{"@type":"ListItem","position":2,"name":"R\u00e8glements &#8211; CONCOURS M\u00c9DIAS SOCIAUX"}]},{"@type":"WebSite","@id":"https:\/\/www.fafard.ca\/#website","url":"https:\/\/www.fafard.ca\/","name":"Scotts Fafard","description":"Since 1940, the Fafard brand has risen to hold an enviable position in the horticulture industry.","potentialAction":[{"@type":"SearchAction","target":{"@type":"EntryPoint","urlTemplate":"https:\/\/www.fafard.ca\/?s={search_term_string}"},"query-input":{"@type":"PropertyValueSpecification","valueRequired":true,"valueName":"search_term_string"}}],"inLanguage":"fr-CA"}]}},"_links":{"self":[{"href":"https:\/\/www.fafard.ca\/fr\/wp-json\/wp\/v2\/pages\/6587","targetHints":{"allow":["GET"]}}],"collection":[{"href":"https:\/\/www.fafard.ca\/fr\/wp-json\/wp\/v2\/pages"}],"about":[{"href":"https:\/\/www.fafard.ca\/fr\/wp-json\/wp\/v2\/types\/page"}],"author":[{"embeddable":true,"href":"https:\/\/www.fafard.ca\/fr\/wp-json\/wp\/v2\/users\/7"}],"replies":[{"embeddable":true,"href":"https:\/\/www.fafard.ca\/fr\/wp-json\/wp\/v2\/comments?post=6587"}],"version-history":[{"count":18,"href":"https:\/\/www.fafard.ca\/fr\/wp-json\/wp\/v2\/pages\/6587\/revisions"}],"predecessor-version":[{"id":8534,"href":"https:\/\/www.fafard.ca\/fr\/wp-json\/wp\/v2\/pages\/6587\/revisions\/8534"}],"wp:attachment":[{"href":"https:\/\/www.fafard.ca\/fr\/wp-json\/wp\/v2\/media?parent=6587"}],"curies":[{"name":"wp","href":"https:\/\/api.w.org\/{rel}","templated":true}]}}