{"id":7977,"date":"2025-01-09T21:24:27","date_gmt":"2025-01-09T21:24:27","guid":{"rendered":"https:\/\/www.fafard.ca\/the-scotts-miracle-gro-no-quibble-money-back-guarantee\/"},"modified":"2025-02-10T17:36:44","modified_gmt":"2025-02-10T17:36:44","slug":"garantie-inconditionnelle-de-remboursement-de-scotts-miracle-gro","status":"publish","type":"page","link":"https:\/\/www.fafard.ca\/fr\/garantie-inconditionnelle-de-remboursement-de-scotts-miracle-gro\/","title":{"rendered":"Garantie inconditionnelle de remboursement de Scotts Miracle-Gro<sup>MC<\/sup>"},"content":{"rendered":"<p style=\"text-align: center;\"><img loading=\"lazy\" decoding=\"async\" width=\"188\" height=\"103\" class=\"alignnone size-full wp-image-5947\" src=\"https:\/\/www.fafard.ca\/wp-content\/uploads\/2019\/04\/logo.png\" alt=\"\" srcset=\"https:\/\/www.fafard.ca\/wp-content\/uploads\/2019\/04\/logo.png 188w, https:\/\/www.fafard.ca\/wp-content\/uploads\/2019\/04\/logo-120x66.png 120w\" sizes=\"(max-width: 188px) 100vw, 188px\" \/><\/p>\n<h2>Nous avons confiance en nos produits, c\u2019est pourquoi nous garantissons la satisfaction de nos clients.<\/h2>\n<p>Si vous, le consommateur final, n\u2019\u00eates pas satisfait par la performance du produit Scotts Miracle-Gro que vous avez achet\u00e9, soit directement aupr\u00e8s de Scotts ou chez un d\u00e9taillant autoris\u00e9 au Canada, pour une raison ou pour une autre, nous vous rembourserons volontiers le prix d\u2019achat.<\/p>\n<p>La Garantie inconditionnelle de remboursement de Scotts Miracle-Gro<sup>MC<\/sup> s\u2019applique \u00e0 tous les produits dont l\u2019emballage arbore la garantie. Si votre produit est couvert par toute autre garantie offerte par Scotts, ou par l\u2019une de ses soci\u00e9t\u00e9s affili\u00e9es, cette garantie pr\u00e9vaudra.<\/p>\n<p>Veuillez noter qu\u2019en raison de notre incapacit\u00e9 \u00e0 v\u00e9rifier la qualit\u00e9 des produits vendus par des d\u00e9taillants non autoris\u00e9s, la Garantie inconditionnelle de remboursement de Scotts Miracle-Gro<sup>MC<\/sup> n\u2019est pas offerte pour les produits achet\u00e9s aupr\u00e8s de d\u00e9taillants non autoris\u00e9s, y compris les sites Web non autoris\u00e9s, \u00e0 moins que la loi ne l\u2019interdise.<\/p>\n<p>La Garantie n\u2019est valide que pour le consommateur final ayant achet\u00e9 le produit. Les produits achet\u00e9s \u00e0 des fins commerciales ou professionnelles ne sont pas admissibles \u00e0 la Garantie.<\/p>\n<p>Pour soumettre une demande de remboursement, vous n\u2019avez qu\u2019\u00e0 remplir le formulaire au\u00a0<a href=\"https:\/\/www.smgguarantee.com\/s\/\" target=\"_blank\" rel=\"noopener\"><strong><span style=\"color: #007f3b;\">https:\/\/www.smgguarantee.com\/s\/<\/span><\/strong><\/a> et y inclure votre preuve d\u2019achat. Les demandes doivent \u00eatre soumises durant l\u2019ann\u00e9e suivant la date d\u2019achat. Scotts se r\u00e9serve le droit de confirmer des renseignements et\/ou de demander des renseignements additionnels afin de traiter les demandes de remboursement en vertu de la Garantie.<\/p>\n<p>Scotts se r\u00e9serve le droit de refuser les demandes en vertu de la Garantie inconditionnelle de remboursement de Scotts Miracle-Gro<sup>MC<\/sup> dans les cas o\u00f9 Scotts aurait des motifs de croire que la demande n\u2019est pas pr\u00e9sent\u00e9e de bonne foi. Scotts peut modifier ou mettre fin \u00e0 la Garantie inconditionnelle de remboursement de Scotts Miracle-Gro<sup>MC<\/sup> en tout temps, sans pr\u00e9avis.<\/p>\n<p>Pour toute question en lien avec la Garantie, y compris pour savoir si un d\u00e9taillant est autoris\u00e9 \u00e0 vendre nos produits, <span style=\"color: #007f3b;\"><a style=\"color: #007f3b;\" href=\"https:\/\/scotts.com\/fr-ca\/contact-us\" target=\"_blank\" rel=\"noopener\"><strong>veuillez communiquer avec nous en utilisant nos formulaires en ligne<\/strong><\/a><\/span>.<\/p>\n","protected":false},"excerpt":{"rendered":"Nous avons confiance en nos produits, c\u2019est pourquoi nous garantissons la satisfaction de nos clients. Si vous, le consommateur final, n\u2019\u00eates pas satisfait par la performance du produit Scotts Miracle-Gro que vous avez achet\u00e9, soit directement aupr\u00e8s de Scotts ou chez un d\u00e9taillant autoris\u00e9 au Canada, pour une raison ou pour une autre, nous vous&#8230;","protected":false},"author":11,"featured_media":0,"parent":0,"menu_order":999,"comment_status":"closed","ping_status":"closed","template":"","meta":{"_acf_changed":false,"footnotes":""},"class_list":["post-7977","page","type-page","status-publish","hentry"],"acf":[],"yoast_head":"<!-- This site is optimized with the Yoast SEO plugin v26.7 - https:\/\/yoast.com\/wordpress\/plugins\/seo\/ -->\n<title>Garantie inconditionnelle de remboursement de Scotts Miracle-GroMC - Scotts Fafard<\/title>\n<meta name=\"robots\" content=\"index, follow, max-snippet:-1, max-image-preview:large, max-video-preview:-1\" \/>\n<link rel=\"canonical\" href=\"https:\/\/www.fafard.ca\/fr\/garantie-inconditionnelle-de-remboursement-de-scotts-miracle-gro\/\" \/>\n<meta property=\"og:locale\" content=\"fr_CA\" \/>\n<meta property=\"og:type\" content=\"article\" \/>\n<meta property=\"og:title\" content=\"Garantie inconditionnelle de remboursement de Scotts Miracle-GroMC - Scotts Fafard\" \/>\n<meta property=\"og:description\" content=\"Nous avons confiance en nos produits, c\u2019est pourquoi nous garantissons la satisfaction de nos clients. Si vous, le consommateur final, n\u2019\u00eates pas satisfait par la performance du produit Scotts Miracle-Gro que vous avez achet\u00e9, soit directement aupr\u00e8s de Scotts ou chez un d\u00e9taillant autoris\u00e9 au Canada, pour une raison ou pour une autre, nous vous...\" \/>\n<meta property=\"og:url\" content=\"https:\/\/www.fafard.ca\/fr\/garantie-inconditionnelle-de-remboursement-de-scotts-miracle-gro\/\" \/>\n<meta property=\"og:site_name\" content=\"Scotts Fafard\" \/>\n<meta property=\"article:modified_time\" content=\"2025-02-10T17:36:44+00:00\" \/>\n<meta property=\"og:image\" content=\"https:\/\/www.fafard.ca\/wp-content\/uploads\/2019\/04\/logo.png\" \/>\n\t<meta property=\"og:image:width\" content=\"188\" \/>\n\t<meta property=\"og:image:height\" content=\"103\" \/>\n\t<meta property=\"og:image:type\" content=\"image\/png\" \/>\n<meta name=\"twitter:card\" content=\"summary_large_image\" \/>\n<meta name=\"twitter:label1\" content=\"Estimation du temps de lecture\" \/>\n\t<meta name=\"twitter:data1\" content=\"2 minutes\" \/>\n<script type=\"application\/ld+json\" class=\"yoast-schema-graph\">{\"@context\":\"https:\/\/schema.org\",\"@graph\":[{\"@type\":\"WebPage\",\"@id\":\"https:\/\/www.fafard.ca\/fr\/garantie-inconditionnelle-de-remboursement-de-scotts-miracle-gro\/\",\"url\":\"https:\/\/www.fafard.ca\/fr\/garantie-inconditionnelle-de-remboursement-de-scotts-miracle-gro\/\",\"name\":\"Garantie inconditionnelle de remboursement de Scotts Miracle-GroMC - Scotts Fafard\",\"isPartOf\":{\"@id\":\"https:\/\/www.fafard.ca\/#website\"},\"primaryImageOfPage\":{\"@id\":\"https:\/\/www.fafard.ca\/fr\/garantie-inconditionnelle-de-remboursement-de-scotts-miracle-gro\/#primaryimage\"},\"image\":{\"@id\":\"https:\/\/www.fafard.ca\/fr\/garantie-inconditionnelle-de-remboursement-de-scotts-miracle-gro\/#primaryimage\"},\"thumbnailUrl\":\"https:\/\/www.fafard.ca\/wp-content\/uploads\/2019\/04\/logo.png\",\"datePublished\":\"2025-01-09T21:24:27+00:00\",\"dateModified\":\"2025-02-10T17:36:44+00:00\",\"breadcrumb\":{\"@id\":\"https:\/\/www.fafard.ca\/fr\/garantie-inconditionnelle-de-remboursement-de-scotts-miracle-gro\/#breadcrumb\"},\"inLanguage\":\"fr-CA\",\"potentialAction\":[{\"@type\":\"ReadAction\",\"target\":[\"https:\/\/www.fafard.ca\/fr\/garantie-inconditionnelle-de-remboursement-de-scotts-miracle-gro\/\"]}]},{\"@type\":\"ImageObject\",\"inLanguage\":\"fr-CA\",\"@id\":\"https:\/\/www.fafard.ca\/fr\/garantie-inconditionnelle-de-remboursement-de-scotts-miracle-gro\/#primaryimage\",\"url\":\"https:\/\/www.fafard.ca\/wp-content\/uploads\/2019\/04\/logo.png\",\"contentUrl\":\"https:\/\/www.fafard.ca\/wp-content\/uploads\/2019\/04\/logo.png\"},{\"@type\":\"BreadcrumbList\",\"@id\":\"https:\/\/www.fafard.ca\/fr\/garantie-inconditionnelle-de-remboursement-de-scotts-miracle-gro\/#breadcrumb\",\"itemListElement\":[{\"@type\":\"ListItem\",\"position\":1,\"name\":\"Home\",\"item\":\"https:\/\/www.fafard.ca\/fr\/\"},{\"@type\":\"ListItem\",\"position\":2,\"name\":\"Garantie inconditionnelle de remboursement de Scotts Miracle-GroMC\"}]},{\"@type\":\"WebSite\",\"@id\":\"https:\/\/www.fafard.ca\/#website\",\"url\":\"https:\/\/www.fafard.ca\/\",\"name\":\"Scotts Fafard\",\"description\":\"Since 1940, the Fafard brand has risen to hold an enviable position in the horticulture industry.\",\"potentialAction\":[{\"@type\":\"SearchAction\",\"target\":{\"@type\":\"EntryPoint\",\"urlTemplate\":\"https:\/\/www.fafard.ca\/?s={search_term_string}\"},\"query-input\":{\"@type\":\"PropertyValueSpecification\",\"valueRequired\":true,\"valueName\":\"search_term_string\"}}],\"inLanguage\":\"fr-CA\"}]}<\/script>\n<!-- \/ Yoast SEO plugin. -->","yoast_head_json":{"title":"Garantie inconditionnelle de remboursement de Scotts Miracle-GroMC - Scotts Fafard","robots":{"index":"index","follow":"follow","max-snippet":"max-snippet:-1","max-image-preview":"max-image-preview:large","max-video-preview":"max-video-preview:-1"},"canonical":"https:\/\/www.fafard.ca\/fr\/garantie-inconditionnelle-de-remboursement-de-scotts-miracle-gro\/","og_locale":"fr_CA","og_type":"article","og_title":"Garantie inconditionnelle de remboursement de Scotts Miracle-GroMC - Scotts Fafard","og_description":"Nous avons confiance en nos produits, c\u2019est pourquoi nous garantissons la satisfaction de nos clients. Si vous, le consommateur final, n\u2019\u00eates pas satisfait par la performance du produit Scotts Miracle-Gro que vous avez achet\u00e9, soit directement aupr\u00e8s de Scotts ou chez un d\u00e9taillant autoris\u00e9 au Canada, pour une raison ou pour une autre, nous vous...","og_url":"https:\/\/www.fafard.ca\/fr\/garantie-inconditionnelle-de-remboursement-de-scotts-miracle-gro\/","og_site_name":"Scotts Fafard","article_modified_time":"2025-02-10T17:36:44+00:00","og_image":[{"width":188,"height":103,"url":"https:\/\/www.fafard.ca\/wp-content\/uploads\/2019\/04\/logo.png","type":"image\/png"}],"twitter_card":"summary_large_image","twitter_misc":{"Estimation du temps de lecture":"2 minutes"},"schema":{"@context":"https:\/\/schema.org","@graph":[{"@type":"WebPage","@id":"https:\/\/www.fafard.ca\/fr\/garantie-inconditionnelle-de-remboursement-de-scotts-miracle-gro\/","url":"https:\/\/www.fafard.ca\/fr\/garantie-inconditionnelle-de-remboursement-de-scotts-miracle-gro\/","name":"Garantie inconditionnelle de remboursement de Scotts Miracle-GroMC - Scotts Fafard","isPartOf":{"@id":"https:\/\/www.fafard.ca\/#website"},"primaryImageOfPage":{"@id":"https:\/\/www.fafard.ca\/fr\/garantie-inconditionnelle-de-remboursement-de-scotts-miracle-gro\/#primaryimage"},"image":{"@id":"https:\/\/www.fafard.ca\/fr\/garantie-inconditionnelle-de-remboursement-de-scotts-miracle-gro\/#primaryimage"},"thumbnailUrl":"https:\/\/www.fafard.ca\/wp-content\/uploads\/2019\/04\/logo.png","datePublished":"2025-01-09T21:24:27+00:00","dateModified":"2025-02-10T17:36:44+00:00","breadcrumb":{"@id":"https:\/\/www.fafard.ca\/fr\/garantie-inconditionnelle-de-remboursement-de-scotts-miracle-gro\/#breadcrumb"},"inLanguage":"fr-CA","potentialAction":[{"@type":"ReadAction","target":["https:\/\/www.fafard.ca\/fr\/garantie-inconditionnelle-de-remboursement-de-scotts-miracle-gro\/"]}]},{"@type":"ImageObject","inLanguage":"fr-CA","@id":"https:\/\/www.fafard.ca\/fr\/garantie-inconditionnelle-de-remboursement-de-scotts-miracle-gro\/#primaryimage","url":"https:\/\/www.fafard.ca\/wp-content\/uploads\/2019\/04\/logo.png","contentUrl":"https:\/\/www.fafard.ca\/wp-content\/uploads\/2019\/04\/logo.png"},{"@type":"BreadcrumbList","@id":"https:\/\/www.fafard.ca\/fr\/garantie-inconditionnelle-de-remboursement-de-scotts-miracle-gro\/#breadcrumb","itemListElement":[{"@type":"ListItem","position":1,"name":"Home","item":"https:\/\/www.fafard.ca\/fr\/"},{"@type":"ListItem","position":2,"name":"Garantie inconditionnelle de remboursement de Scotts Miracle-GroMC"}]},{"@type":"WebSite","@id":"https:\/\/www.fafard.ca\/#website","url":"https:\/\/www.fafard.ca\/","name":"Scotts Fafard","description":"Since 1940, the Fafard brand has risen to hold an enviable position in the horticulture industry.","potentialAction":[{"@type":"SearchAction","target":{"@type":"EntryPoint","urlTemplate":"https:\/\/www.fafard.ca\/?s={search_term_string}"},"query-input":{"@type":"PropertyValueSpecification","valueRequired":true,"valueName":"search_term_string"}}],"inLanguage":"fr-CA"}]}},"_links":{"self":[{"href":"https:\/\/www.fafard.ca\/fr\/wp-json\/wp\/v2\/pages\/7977","targetHints":{"allow":["GET"]}}],"collection":[{"href":"https:\/\/www.fafard.ca\/fr\/wp-json\/wp\/v2\/pages"}],"about":[{"href":"https:\/\/www.fafard.ca\/fr\/wp-json\/wp\/v2\/types\/page"}],"author":[{"embeddable":true,"href":"https:\/\/www.fafard.ca\/fr\/wp-json\/wp\/v2\/users\/11"}],"replies":[{"embeddable":true,"href":"https:\/\/www.fafard.ca\/fr\/wp-json\/wp\/v2\/comments?post=7977"}],"version-history":[{"count":7,"href":"https:\/\/www.fafard.ca\/fr\/wp-json\/wp\/v2\/pages\/7977\/revisions"}],"predecessor-version":[{"id":8000,"href":"https:\/\/www.fafard.ca\/fr\/wp-json\/wp\/v2\/pages\/7977\/revisions\/8000"}],"wp:attachment":[{"href":"https:\/\/www.fafard.ca\/fr\/wp-json\/wp\/v2\/media?parent=7977"}],"curies":[{"name":"wp","href":"https:\/\/api.w.org\/{rel}","templated":true}]}}